{"id":12660,"date":"2025-08-08T08:10:56","date_gmt":"2025-08-08T08:10:56","guid":{"rendered":"https:\/\/todo.ltd\/?page_id=12660"},"modified":"2025-10-10T12:49:25","modified_gmt":"2025-10-10T12:49:25","slug":"career","status":"publish","type":"page","link":"https:\/\/todo.ltd\/pl\/career\/","title":{"rendered":"Kariera"},"content":{"rendered":"<div id=\"wp-block-themeisle-blocks-advanced-columns-17616dbd\" class=\"wp-block-themeisle-blocks-advanced-columns has-2-columns has-desktop-oneTwo-layout has-tablet-equal-layout has-mobile-collapsedRows-layout has-reverse-columns-mobile has-vertical-unset\"><div class=\"wp-block-themeisle-blocks-advanced-columns-overlay\"><\/div><div class=\"innerblocks-wrap\">\n<div id=\"wp-block-themeisle-blocks-advanced-column-91a6113b\" class=\"wp-block-themeisle-blocks-advanced-column\">\n<div class=\"wp-block-query is-layout-flow wp-block-query-is-layout-flow\"><ul class=\"wp-block-post-template is-layout-flow wp-block-post-template-is-layout-flow\"><li class=\"wp-block-post post-17717 vacancies type-vacancies status-publish hentry\">\n\n<div class=\"wp-block-group is-nowrap is-layout-flex wp-container-core-group-is-layout-1 wp-block-group-is-layout-flex\">\n<p>Wakat od: <\/p>\n\n\n<div class=\"wp-block-post-date\"><time datetime=\"2026-03-20T09:26:57+00:00\">20 marca, 2026<\/time><\/div><\/div>\n\n\n\n<div style=\"height:25px\" aria-hidden=\"true\" class=\"wp-block-spacer\"><\/div>\n\n\n<h2 class=\"wp-block-post-title\"><a href=\"https:\/\/todo.ltd\/pl\/job\/python-backend-engineer-ai-driven-solutions\/\" target=\"_self\" >Python Backend Engineer (AI-Driven Solutions)<\/a><\/h2>\n\n<div class=\"wp-block-post-excerpt\"><p class=\"wp-block-post-excerpt__excerpt\">Nasz zesp\u00f3\u0142 badawczo-rozwojowy (AI) dzia\u0142a jak wewn\u0119trzny startup: eksperymentujemy z nowymi technologiami, szybko testujemy hipotezy i wprowadzamy rozwi\u0105zania AI, kt\u00f3re maj\u0105 realny wp\u0142yw na biznes. B\u0119dziesz cz\u0119\u015bci\u0105 zespo\u0142u R&amp;D, kt\u00f3ry tworzy nowe produkty AI od podstaw. B\u0119dziesz zaanga\u017cowany zar\u00f3wno w zadania u\u017cytkowe (chatboty, us\u0142ugi backendowe, integracje), jak i b\u0119dziesz mia\u0142 wp\u0142yw na architektur\u0119 i wyb\u00f3r rozwi\u0105za\u0144 AI.<\/p><p class=\"wp-block-post-excerpt__more-text\"><a class=\"wp-block-post-excerpt__more-link\" href=\"https:\/\/todo.ltd\/pl\/job\/python-backend-engineer-ai-driven-solutions\/\">Wi\u0119cej szczeg\u00f3\u0142\u00f3w<\/a><\/p><\/div>\n\n\n<hr class=\"wp-block-separator has-css-opacity\"\/>\n\n<\/li><li class=\"wp-block-post post-17716 vacancies type-vacancies status-publish hentry\">\n\n<div class=\"wp-block-group is-nowrap is-layout-flex wp-container-core-group-is-layout-2 wp-block-group-is-layout-flex\">\n<p>Wakat od: <\/p>\n\n\n<div class=\"wp-block-post-date\"><time datetime=\"2026-03-20T09:25:31+00:00\">20 marca, 2026<\/time><\/div><\/div>\n\n\n\n<div style=\"height:25px\" aria-hidden=\"true\" class=\"wp-block-spacer\"><\/div>\n\n\n<h2 class=\"wp-block-post-title\"><a href=\"https:\/\/todo.ltd\/pl\/job\/project-coordinator\/\" target=\"_self\" >Koordynator projektu<\/a><\/h2>\n\n<div class=\"wp-block-post-excerpt\"><p class=\"wp-block-post-excerpt__excerpt\">Poszukujemy Koordynatora Projektu, kt\u00f3ry b\u0119dzie odpowiedzialny za koordynacj\u0119 pracy zespo\u0142u wdra\u017caj\u0105cego Odoo ERP dla naszych klient\u00f3w oraz zapewnienie efektywnej realizacji projektu.<\/p><p class=\"wp-block-post-excerpt__more-text\"><a class=\"wp-block-post-excerpt__more-link\" href=\"https:\/\/todo.ltd\/pl\/job\/project-coordinator\/\">Wi\u0119cej szczeg\u00f3\u0142\u00f3w<\/a><\/p><\/div>\n\n\n<hr class=\"wp-block-separator has-css-opacity\"\/>\n\n<\/li><li class=\"wp-block-post post-17715 vacancies type-vacancies status-publish hentry\">\n\n<div class=\"wp-block-group is-nowrap is-layout-flex wp-container-core-group-is-layout-3 wp-block-group-is-layout-flex\">\n<p>Wakat od: <\/p>\n\n\n<div class=\"wp-block-post-date\"><time datetime=\"2026-03-20T09:23:42+00:00\">20 marca, 2026<\/time><\/div><\/div>\n\n\n\n<div style=\"height:25px\" aria-hidden=\"true\" class=\"wp-block-spacer\"><\/div>\n\n\n<h2 class=\"wp-block-post-title\"><a href=\"https:\/\/todo.ltd\/pl\/job\/wordpress-developer\/\" target=\"_self\" >WordPress Developer<\/a><\/h2>\n\n<div class=\"wp-block-post-excerpt\"><p class=\"wp-block-post-excerpt__excerpt\">Poszukujemy programisty WordPress, kt\u00f3ry do\u0142\u0105czy do naszego zespo\u0142u, aby rozwija\u0107 i utrzymywa\u0107 nasze witryny oraz pomaga\u0107 w uruchamianiu nowych projekt\u00f3w internetowych.<\/p><p class=\"wp-block-post-excerpt__more-text\"><a class=\"wp-block-post-excerpt__more-link\" href=\"https:\/\/todo.ltd\/pl\/job\/wordpress-developer\/\">Wi\u0119cej szczeg\u00f3\u0142\u00f3w<\/a><\/p><\/div>\n\n\n<hr class=\"wp-block-separator has-css-opacity\"\/>\n\n<\/li><li class=\"wp-block-post post-17714 vacancies type-vacancies status-publish hentry\">\n\n<div class=\"wp-block-group is-nowrap is-layout-flex wp-container-core-group-is-layout-4 wp-block-group-is-layout-flex\">\n<p>Wakat od: <\/p>\n\n\n<div class=\"wp-block-post-date\"><time datetime=\"2026-03-20T08:58:18+00:00\">20 marca, 2026<\/time><\/div><\/div>\n\n\n\n<div style=\"height:25px\" aria-hidden=\"true\" class=\"wp-block-spacer\"><\/div>\n\n\n<h2 class=\"wp-block-post-title\"><a href=\"https:\/\/todo.ltd\/pl\/job\/seo-specialist\/\" target=\"_self\" >Specjalista SEO<\/a><\/h2>\n\n<div class=\"wp-block-post-excerpt\"><p class=\"wp-block-post-excerpt__excerpt\">Poszukujemy specjalisty SEO, kt\u00f3ry do\u0142\u0105czy do naszego zespo\u0142u, aby rozwija\u0107 i promowa\u0107 strony internetowe grupy. Wa\u017cne jest dla nas, aby uzyska\u0107 stabilny d\u0142ugoterminowy ruch organiczny, zwi\u0119kszy\u0107 widoczno\u015b\u0107 naszych witryn w wynikach wyszukiwania i zaj\u0105\u0107 niezb\u0119dne pozycje w kluczowych klastrach zapyta\u0144.<\/p><p class=\"wp-block-post-excerpt__more-text\"><a class=\"wp-block-post-excerpt__more-link\" href=\"https:\/\/todo.ltd\/pl\/job\/seo-specialist\/\">Wi\u0119cej szczeg\u00f3\u0142\u00f3w<\/a><\/p><\/div>\n\n\n<hr class=\"wp-block-separator has-css-opacity\"\/>\n\n<\/li><li class=\"wp-block-post post-17713 vacancies type-vacancies status-publish hentry\">\n\n<div class=\"wp-block-group is-nowrap is-layout-flex wp-container-core-group-is-layout-5 wp-block-group-is-layout-flex\">\n<p>Wakat od: <\/p>\n\n\n<div class=\"wp-block-post-date\"><time datetime=\"2026-03-20T08:55:02+00:00\">20 marca, 2026<\/time><\/div><\/div>\n\n\n\n<div style=\"height:25px\" aria-hidden=\"true\" class=\"wp-block-spacer\"><\/div>\n\n\n<h2 class=\"wp-block-post-title\"><a href=\"https:\/\/todo.ltd\/pl\/job\/head-of-marketing\/\" target=\"_self\" >Dyrektor ds. marketingu<\/a><\/h2>\n\n<div class=\"wp-block-post-excerpt\"><p class=\"wp-block-post-excerpt__excerpt\">Poszukujemy szefa marketingu, kt\u00f3ry zbuduje systematyczne podej\u015bcie marketingowe i pomo\u017ce firmie skalowa\u0107 sprzeda\u017c poprzez siln\u0105 strategi\u0119 marketingow\u0105, rozw\u00f3j marki i skuteczn\u0105 prac\u0119 z odbiorcami B2B.<\/p><p class=\"wp-block-post-excerpt__more-text\"><a class=\"wp-block-post-excerpt__more-link\" href=\"https:\/\/todo.ltd\/pl\/job\/head-of-marketing\/\">Wi\u0119cej szczeg\u00f3\u0142\u00f3w<\/a><\/p><\/div>\n\n\n<hr class=\"wp-block-separator has-css-opacity\"\/>\n\n<\/li><li class=\"wp-block-post post-17711 vacancies type-vacancies status-publish hentry\">\n\n<div class=\"wp-block-group is-nowrap is-layout-flex wp-container-core-group-is-layout-6 wp-block-group-is-layout-flex\">\n<p>Wakat od: <\/p>\n\n\n<div class=\"wp-block-post-date\"><time datetime=\"2026-03-20T08:51:47+00:00\">20 marca, 2026<\/time><\/div><\/div>\n\n\n\n<div style=\"height:25px\" aria-hidden=\"true\" class=\"wp-block-spacer\"><\/div>\n\n\n<h2 class=\"wp-block-post-title\"><a href=\"https:\/\/todo.ltd\/pl\/job\/biznes-analityk-z-vprovadzhennya-odoo\/\" target=\"_self\" >Analityk biznesowy (wdro\u017cenie Odoo)<\/a><\/h2>\n\n<div class=\"wp-block-post-excerpt\"><p class=\"wp-block-post-excerpt__excerpt\">Jeste\u015bmy jedn\u0105 z 11 certyfikowanych firm na Ukrainie, kt\u00f3re wdra\u017caj\u0105 Odoo i znajdujemy si\u0119 w pierwszej tr\u00f3jce wdro\u017ceniowc\u00f3w na rynku ukrai\u0144skim. Obecnie poszukujemy podobnie my\u015bl\u0105cych os\u00f3b, kt\u00f3re s\u0105 gotowe szybko i \u0142atwo zautomatyzowa\u0107 zarz\u0105dzanie swoim biznesem na jednej platformie wraz z klientem.<\/p><p class=\"wp-block-post-excerpt__more-text\"><a class=\"wp-block-post-excerpt__more-link\" href=\"https:\/\/todo.ltd\/pl\/job\/biznes-analityk-z-vprovadzhennya-odoo\/\">Wi\u0119cej szczeg\u00f3\u0142\u00f3w<\/a><\/p><\/div>\n\n\n<hr class=\"wp-block-separator has-css-opacity\"\/>\n\n<\/li><\/ul><\/div>\n<\/div>\n\n\n\n<div id=\"wp-block-themeisle-blocks-advanced-column-f58493cd\" class=\"wp-block-themeisle-blocks-advanced-column\">\n<figure class=\"wp-block-image size-large\" id=\"wp-block-themeisle-blocks-image-63108194\"><img loading=\"lazy\" decoding=\"async\" width=\"724\" height=\"1024\" src=\"https:\/\/todo.ltd\/wp-content\/uploads\/2025\/07\/qr_code_work_ukraine-724x1024.webp\" alt=\"\" class=\"wp-image-12384\" srcset=\"https:\/\/todo.ltd\/wp-content\/uploads\/2025\/07\/qr_code_work_ukraine-724x1024.webp 724w, https:\/\/todo.ltd\/wp-content\/uploads\/2025\/07\/qr_code_work_ukraine-212x300.webp 212w, https:\/\/todo.ltd\/wp-content\/uploads\/2025\/07\/qr_code_work_ukraine-768x1087.webp 768w, https:\/\/todo.ltd\/wp-content\/uploads\/2025\/07\/qr_code_work_ukraine-1085x1536.webp 1085w, https:\/\/todo.ltd\/wp-content\/uploads\/2025\/07\/qr_code_work_ukraine-1447x2048.webp 1447w, https:\/\/todo.ltd\/wp-content\/uploads\/2025\/07\/qr_code_work_ukraine-8x12.webp 8w, https:\/\/todo.ltd\/wp-content\/uploads\/2025\/07\/qr_code_work_ukraine-600x849.webp 600w, https:\/\/todo.ltd\/wp-content\/uploads\/2025\/07\/qr_code_work_ukraine-scaled.webp 1809w\" sizes=\"auto, (max-width: 724px) 100vw, 724px\" \/><\/figure>\n<\/div>\n<\/div><\/div>\n\n\n\n<div id=\"choise-us\" class=\"wp-block-themeisle-blocks-advanced-columns has-1-columns has-desktop-equal-layout has-tablet-equal-layout has-mobile-equal-layout has-vertical-unset\"><div class=\"wp-block-themeisle-blocks-advanced-columns-overlay\"><\/div><div class=\"innerblocks-wrap\">\n<div id=\"wp-block-themeisle-blocks-advanced-column-fd65b97f\" class=\"wp-block-themeisle-blocks-advanced-column\">\n<h2 id=\"wp-block-themeisle-blocks-advanced-heading-65e1c82e\" class=\"wp-block-themeisle-blocks-advanced-heading wp-block-themeisle-blocks-advanced-heading-65e1c82e\">Do\u0142\u0105cz do zespo\u0142u ToDo<\/h2>\n\n\n\n<h3 class=\"wp-block-heading\"><strong>Kim jeste\u015bmy i dlaczego jest to wa\u017cne?<\/strong><\/h3>\n\n\n\n<p>Jeste\u015bmy jedn\u0105 z 11 certyfikowanych firm w Ukrainie, kt\u00f3re wdra\u017caj\u0105 Odoo, najpopularniejszy na \u015bwiecie system ERP.<br>Odoo nie jest ju\u017c przysz\u0142o\u015bci\u0105, to rynek, kt\u00f3ry ro\u015bnie o 33,74% ka\u017cdego roku. A my nie tylko wdra\u017camy systemy, pomagamy firmom rozwija\u0107 si\u0119 poprzez automatyzacj\u0119.<\/p>\n\n\n\n<p>Wsp\u00f3\u0142pracujemy zar\u00f3wno z ukrai\u0144skimi firmami, jak i mi\u0119dzynarodowymi klientami - w\u015br\u00f3d ponad 13 milion\u00f3w u\u017cytkownik\u00f3w Odoo na ca\u0142ym \u015bwiecie s\u0105 tacy, kt\u00f3rym pomagamy.<\/p>\n\n\n\n<p>W naszym zespole nie jeste\u015b tylko \"mened\u017cerem\/analitykiem\/deweloperem\" - stajesz si\u0119 ekspertem w niszowej i obiecuj\u0105cej bran\u017cy, kt\u00f3ra dopiero zaczyna si\u0119 rozwija\u0107 w Ukrainie. A to \u015bwietna trampolina do ka\u017cdej kariery.<\/p>\n\n\n\n<p><strong><br><\/strong><strong>Dlaczego warto by\u0107 cz\u0119\u015bci\u0105 naszego zespo\u0142u?<\/strong><\/p>\n\n\n\n<p>Naprawd\u0119 si\u0119 rozwijamy - nie w s\u0142owach, ale w praktyce.<\/p>\n\n\n\n<p>Regularne oceny kompetencji pomagaj\u0105 ka\u017cdemu dostrzec w\u0142asn\u0105 \u015bcie\u017ck\u0119 rozwoju. Zapewniamy zar\u00f3wno og\u00f3lne, jak i indywidualne szkolenia, uwzgl\u0119dniamy \u017cyczenia pracownik\u00f3w i wspieramy wszelkie inicjatywy.<\/p>\n\n\n\n<p>Dla analityk\u00f3w mamy LMS z wewn\u0119trznymi kursami, a je\u015bli chcesz szkolenia zewn\u0119trznego, zwr\u00f3cimy cz\u0119\u015b\u0107 koszt\u00f3w.<\/p>\n\n\n\n<p>Angielski. Odbywaj\u0105 si\u0119 regularne lekcje na \u017cywo, podczas kt\u00f3rych nie wkuwasz, ale uczysz si\u0119 m\u00f3wi\u0107 w prawdziwym j\u0119zyku roboczym. Je\u015bli chcesz wi\u0119cej, wspieramy dodatkowe kursy z rekompensat\u0105.<\/p>\n\n\n\n<p>Dysponujemy bud\u017cetem na rozw\u00f3j i chcemy inwestowa\u0107 w ludzi, poniewa\u017c jest to nasz klucz do sukcesu.<\/p>\n\n\n\n<p>I nie s\u0105 to puste s\u0142owa: nasz dyrektor ds. zarz\u0105dzania projektami zaczyna\u0142 jako analityk, a analitycy awansuj\u0105 od sta\u017cysty do \u015bredniego szczebla w firmie.<\/p>\n\n\n\n<p>Je\u015bli chcesz \u015brodowiska, w kt\u00f3rym nie ka\u017c\u0105 ci siedzie\u0107 i trzyma\u0107 g\u0142owy nisko, powiniene\u015b przyj\u015b\u0107 do nas.<\/p>\n\n\n\n<p><strong>Co otrzymuje pracownik?<\/strong><\/p>\n\n\n\n<p>W naszym zespole nie tylko rozwijasz swoj\u0105 karier\u0119 - wa\u017cne jest, aby zachowa\u0107 r\u00f3wnowag\u0119 mi\u0119dzy \u017cyciem zawodowym a prywatnym. Rozumiemy, \u017ce \u0142atwo jest si\u0119 wypali\u0107, ale o wiele wa\u017cniejsza jest regeneracja. Dlatego dbamy o Twoje zdrowie psychiczne, dajemy Ci swobod\u0119 w podejmowaniu decyzji i zawsze wspieramy, gdy sytuacja zaczyna si\u0119 wypala\u0107. Je\u015bli jeste\u015b zm\u0119czony, we\u017a dzie\u0144 wolnego bez \u017cadnych pyta\u0144. I oczywi\u015bcie zabawa nie jest nam obca: regularnie organizujemy r\u00f3\u017cne zaj\u0119cia, podczas kt\u00f3rych mo\u017cna si\u0119 zrelaksowa\u0107, po\u015bmia\u0107 i na\u0142adowa\u0107 baterie jako zesp\u00f3\u0142. Tutaj jeste\u015b wa\u017cny, Tw\u00f3j g\u0142os zostanie wys\u0142uchany, a relaks nie jest luksusem, ale norm\u0105.<\/p>\n\n\n\n<p>Je\u015bli chodzi o rozw\u00f3j, nauka nie jest dla nas tylko s\u0142owem, ale sposobem na \u017cycie. Oferujemy bezp\u0142atne kursy Odoo, kt\u00f3re sami opracowali\u015bmy, korporacyjny angielski dla biznesu i wspieramy wszelkie Twoje inicjatywy. Otrzymujesz przejrzyste, uczciwe wynagrodzenie za swoje umiej\u0119tno\u015bci i wk\u0142ad we wsp\u00f3ln\u0105 spraw\u0119. Istnieje r\u00f3wnie\u017c mo\u017cliwo\u015b\u0107 uzyskania oficjalnej certyfikacji Odoo - a firma to wspiera<br>Mo\u017cesz elastycznie wybiera\u0107 swoj\u0105 prac\u0119: mo\u017cesz mie\u0107 biuro w Kijowie lub pracowa\u0107 z domu. Mamy te\u017c fajny mikroklimat - zesp\u00f3\u0142, kt\u00f3ry \u0142aduje, wspiera i nie t\u0142umi mikrozarz\u0105dzaniem. Nasi analitycy nie tylko wdra\u017caj\u0105, ale wr\u0119cz pomagaj\u0105 klientom rozwija\u0107 si\u0119 dzi\u0119ki automatyzacji. Zarz\u0105dzanie tutaj jest otwarte i ludzkie, a tw\u00f3j g\u0142os ma znaczenie. I oczywi\u015bcie nie zapominamy o imprezach integracyjnych, ciep\u0142ej atmosferze w biurze i wsparciu ze strony koleg\u00f3w, aby praca by\u0142a nie tylko u\u017cyteczna, ale tak\u017ce przyjemna.<\/p>\n\n\n\n<p><strong>Czego firma oczekuje od pracownika?<\/strong><\/p>\n\n\n\n<p>Cenimy analityczne my\u015blenie, struktur\u0119 i dba\u0142o\u015b\u0107 o szczeg\u00f3\u0142y - to nasze atuty w rozwi\u0105zywaniu z\u0142o\u017conych problem\u00f3w.<br>Szukamy os\u00f3b, kt\u00f3re nie tylko wykonuj\u0105 swoj\u0105 prac\u0119, ale my\u015bl\u0105 o krok do przodu, bior\u0105 na siebie odpowiedzialno\u015b\u0107 i nie boj\u0105 si\u0119 uczy\u0107 ka\u017cdego dnia. Je\u015bli chcesz zmienia\u0107 \u015bwiat wok\u00f3\u0142 siebie - nawet ma\u0142ymi dzia\u0142aniami - zdecydowanie powiniene\u015b przyj\u015b\u0107 do nas.<\/p>\n<\/div>\n<\/div><\/div>","protected":false},"excerpt":{"rendered":"","protected":false},"author":1,"featured_media":0,"parent":0,"menu_order":0,"comment_status":"closed","ping_status":"closed","template":"","meta":{"_acf_changed":false,"neve_meta_sidebar":"","neve_meta_container":"","neve_meta_enable_content_width":"","neve_meta_content_width":0,"neve_meta_title_alignment":"","neve_meta_author_avatar":"","neve_post_elements_order":"","neve_meta_disable_header":"","neve_meta_disable_footer":"","neve_meta_disable_title":"","neve_meta_reading_time":"","_themeisle_gutenberg_block_has_review":false,"footnotes":""},"class_list":["post-12660","page","type-page","status-publish","hentry"],"acf":[],"yoast_head":"<!-- This site is optimized with the Yoast SEO plugin v24.5 - https:\/\/yoast.com\/wordpress\/plugins\/seo\/ -->\n<title>\u041a\u0430\u0440&#039;\u0454\u0440\u0430 - ToDo LLC - To easy do simple<\/title>\n<meta name=\"robots\" content=\"index, follow, max-snippet:-1, max-image-preview:large, max-video-preview:-1\" \/>\n<link rel=\"canonical\" href=\"https:\/\/todo.ltd\/pl\/career\/\" \/>\n<meta property=\"og:locale\" content=\"pl_PL\" \/>\n<meta property=\"og:type\" content=\"article\" \/>\n<meta property=\"og:title\" content=\"\u041a\u0430\u0440&#039;\u0454\u0440\u0430 - ToDo LLC - To easy do simple\" \/>\n<meta property=\"og:url\" content=\"https:\/\/todo.ltd\/pl\/career\/\" \/>\n<meta property=\"og:site_name\" content=\"ToDo LLC - To easy do simple\" \/>\n<meta property=\"article:publisher\" content=\"https:\/\/www.facebook.com\/ToDo.LTD\" \/>\n<meta property=\"article:modified_time\" content=\"2025-10-10T12:49:25+00:00\" \/>\n<meta property=\"og:image\" content=\"https:\/\/todo.ltd\/wp-content\/uploads\/2025\/07\/qr_code_work_ukraine-scaled.webp\" \/>\n\t<meta property=\"og:image:width\" content=\"1809\" \/>\n\t<meta property=\"og:image:height\" content=\"2560\" \/>\n\t<meta property=\"og:image:type\" content=\"image\/webp\" \/>\n<meta name=\"twitter:card\" content=\"summary_large_image\" \/>\n<meta name=\"twitter:label1\" content=\"Szacowany czas czytania\" \/>\n\t<meta name=\"twitter:data1\" content=\"3 minuty\" \/>\n<script type=\"application\/ld+json\" class=\"yoast-schema-graph\">{\"@context\":\"https:\/\/schema.org\",\"@graph\":[{\"@type\":\"WebPage\",\"@id\":\"https:\/\/todo.ltd\/career\/\",\"url\":\"https:\/\/todo.ltd\/career\/\",\"name\":\"\u041a\u0430\u0440'\u0454\u0440\u0430 - ToDo LLC - To easy do simple\",\"isPartOf\":{\"@id\":\"https:\/\/todo.ltd\/#website\"},\"primaryImageOfPage\":{\"@id\":\"https:\/\/todo.ltd\/career\/#primaryimage\"},\"image\":{\"@id\":\"https:\/\/todo.ltd\/career\/#primaryimage\"},\"thumbnailUrl\":\"https:\/\/todo.ltd\/wp-content\/uploads\/2025\/07\/qr_code_work_ukraine-724x1024.webp\",\"datePublished\":\"2025-08-08T08:10:56+00:00\",\"dateModified\":\"2025-10-10T12:49:25+00:00\",\"breadcrumb\":{\"@id\":\"https:\/\/todo.ltd\/career\/#breadcrumb\"},\"inLanguage\":\"pl-PL\",\"potentialAction\":[{\"@type\":\"ReadAction\",\"target\":[\"https:\/\/todo.ltd\/career\/\"]}]},{\"@type\":\"ImageObject\",\"inLanguage\":\"pl-PL\",\"@id\":\"https:\/\/todo.ltd\/career\/#primaryimage\",\"url\":\"https:\/\/todo.ltd\/wp-content\/uploads\/2025\/07\/qr_code_work_ukraine-724x1024.webp\",\"contentUrl\":\"https:\/\/todo.ltd\/wp-content\/uploads\/2025\/07\/qr_code_work_ukraine-724x1024.webp\"},{\"@type\":\"BreadcrumbList\",\"@id\":\"https:\/\/todo.ltd\/career\/#breadcrumb\",\"itemListElement\":[{\"@type\":\"ListItem\",\"position\":1,\"name\":\"ERP \u0441\u0438\u0441\u0442\u0435\u043c\u0430 Odoo\",\"item\":\"https:\/\/todo.ltd\/\"},{\"@type\":\"ListItem\",\"position\":2,\"name\":\"\u041a\u0430\u0440&#8217;\u0454\u0440\u0430\"}]},{\"@type\":\"WebSite\",\"@id\":\"https:\/\/todo.ltd\/#website\",\"url\":\"https:\/\/todo.ltd\/\",\"name\":\"ToDo LTD - \u043a\u043e\u043c\u043f\u0430\u043d\u0456\u044f \u0437 \u0432\u043f\u0440\u043e\u0432\u0430\u0434\u0436\u0435\u043d\u043d\u044f Odoo \u0432 \u0423\u043a\u0440\u0430\u0457\u043d\u0456\",\"description\":\"\u0415\u0444\u0435\u043a\u0442\u0438\u0432\u043d\u0435 \u0432\u043f\u0440\u043e\u0432\u0430\u0434\u0436\u0435\u043d\u043d\u044f ERP \u0441\u0438\u0441\u0442\u0435\u043c\u0438 Odoo \u0432 \u0423\u043a\u0440\u0430\u0457\u043d\u0456\",\"publisher\":{\"@id\":\"https:\/\/todo.ltd\/#organization\"},\"alternateName\":\"ToDo LTD\",\"potentialAction\":[{\"@type\":\"SearchAction\",\"target\":{\"@type\":\"EntryPoint\",\"urlTemplate\":\"https:\/\/todo.ltd\/?s={search_term_string}\"},\"query-input\":{\"@type\":\"PropertyValueSpecification\",\"valueRequired\":true,\"valueName\":\"search_term_string\"}}],\"inLanguage\":\"pl-PL\"},{\"@type\":\"Organization\",\"@id\":\"https:\/\/todo.ltd\/#organization\",\"name\":\"ToDo LLC - To easy do simple\",\"alternateName\":\"ToDo LTD\",\"url\":\"https:\/\/todo.ltd\/\",\"logo\":{\"@type\":\"ImageObject\",\"inLanguage\":\"pl-PL\",\"@id\":\"https:\/\/todo.ltd\/#\/schema\/logo\/image\/\",\"url\":\"https:\/\/todo.ltd\/wp-content\/uploads\/2025\/01\/cropped-cropped-cropped-dyzajn-bez-nazvy-300x300-1.png\",\"contentUrl\":\"https:\/\/todo.ltd\/wp-content\/uploads\/2025\/01\/cropped-cropped-cropped-dyzajn-bez-nazvy-300x300-1.png\",\"width\":300,\"height\":300,\"caption\":\"ToDo LLC - To easy do simple\"},\"image\":{\"@id\":\"https:\/\/todo.ltd\/#\/schema\/logo\/image\/\"},\"sameAs\":[\"https:\/\/www.facebook.com\/ToDo.LTD\",\"https:\/\/www.linkedin.com\/company\/todo-ltd\",\"https:\/\/www.youtube.com\/@todoltd\"]}]}<\/script>\n<!-- \/ Yoast SEO plugin. -->","yoast_head_json":{"title":"Kariera - ToDo LLC - Aby u\u0142atwi\u0107 wykonywanie prostych czynno\u015bci","robots":{"index":"index","follow":"follow","max-snippet":"max-snippet:-1","max-image-preview":"max-image-preview:large","max-video-preview":"max-video-preview:-1"},"canonical":"https:\/\/todo.ltd\/pl\/career\/","og_locale":"pl_PL","og_type":"article","og_title":"\u041a\u0430\u0440'\u0454\u0440\u0430 - ToDo LLC - To easy do simple","og_url":"https:\/\/todo.ltd\/pl\/career\/","og_site_name":"ToDo LLC - To easy do simple","article_publisher":"https:\/\/www.facebook.com\/ToDo.LTD","article_modified_time":"2025-10-10T12:49:25+00:00","og_image":[{"width":1809,"height":2560,"url":"https:\/\/todo.ltd\/wp-content\/uploads\/2025\/07\/qr_code_work_ukraine-scaled.webp","type":"image\/webp"}],"twitter_card":"summary_large_image","twitter_misc":{"Szacowany czas czytania":"3 minuty"},"schema":{"@context":"https:\/\/schema.org","@graph":[{"@type":"WebPage","@id":"https:\/\/todo.ltd\/career\/","url":"https:\/\/todo.ltd\/career\/","name":"Kariera - ToDo LLC - Aby u\u0142atwi\u0107 wykonywanie prostych czynno\u015bci","isPartOf":{"@id":"https:\/\/todo.ltd\/#website"},"primaryImageOfPage":{"@id":"https:\/\/todo.ltd\/career\/#primaryimage"},"image":{"@id":"https:\/\/todo.ltd\/career\/#primaryimage"},"thumbnailUrl":"https:\/\/todo.ltd\/wp-content\/uploads\/2025\/07\/qr_code_work_ukraine-724x1024.webp","datePublished":"2025-08-08T08:10:56+00:00","dateModified":"2025-10-10T12:49:25+00:00","breadcrumb":{"@id":"https:\/\/todo.ltd\/career\/#breadcrumb"},"inLanguage":"pl-PL","potentialAction":[{"@type":"ReadAction","target":["https:\/\/todo.ltd\/career\/"]}]},{"@type":"ImageObject","inLanguage":"pl-PL","@id":"https:\/\/todo.ltd\/career\/#primaryimage","url":"https:\/\/todo.ltd\/wp-content\/uploads\/2025\/07\/qr_code_work_ukraine-724x1024.webp","contentUrl":"https:\/\/todo.ltd\/wp-content\/uploads\/2025\/07\/qr_code_work_ukraine-724x1024.webp"},{"@type":"BreadcrumbList","@id":"https:\/\/todo.ltd\/career\/#breadcrumb","itemListElement":[{"@type":"ListItem","position":1,"name":"ERP \u0441\u0438\u0441\u0442\u0435\u043c\u0430 Odoo","item":"https:\/\/todo.ltd\/"},{"@type":"ListItem","position":2,"name":"\u041a\u0430\u0440&#8217;\u0454\u0440\u0430"}]},{"@type":"WebSite","@id":"https:\/\/todo.ltd\/#website","url":"https:\/\/todo.ltd\/","name":"ToDo LTD - Firma wdra\u017caj\u0105ca Odoo na Ukrainie","description":"Skuteczne wdro\u017cenie systemu Odoo ERP na Ukrainie","publisher":{"@id":"https:\/\/todo.ltd\/#organization"},"alternateName":"ToDo LTD","potentialAction":[{"@type":"SearchAction","target":{"@type":"EntryPoint","urlTemplate":"https:\/\/todo.ltd\/?s={search_term_string}"},"query-input":{"@type":"PropertyValueSpecification","valueRequired":true,"valueName":"search_term_string"}}],"inLanguage":"pl-PL"},{"@type":"Organization","@id":"https:\/\/todo.ltd\/#organization","name":"ToDo LLC - Aby \u0142atwo by\u0142o zrobi\u0107 proste","alternateName":"ToDo LTD","url":"https:\/\/todo.ltd\/","logo":{"@type":"ImageObject","inLanguage":"pl-PL","@id":"https:\/\/todo.ltd\/#\/schema\/logo\/image\/","url":"https:\/\/todo.ltd\/wp-content\/uploads\/2025\/01\/cropped-cropped-cropped-dyzajn-bez-nazvy-300x300-1.png","contentUrl":"https:\/\/todo.ltd\/wp-content\/uploads\/2025\/01\/cropped-cropped-cropped-dyzajn-bez-nazvy-300x300-1.png","width":300,"height":300,"caption":"ToDo LLC - To easy do simple"},"image":{"@id":"https:\/\/todo.ltd\/#\/schema\/logo\/image\/"},"sameAs":["https:\/\/www.facebook.com\/ToDo.LTD","https:\/\/www.linkedin.com\/company\/todo-ltd","https:\/\/www.youtube.com\/@todoltd"]}]}},"_links":{"self":[{"href":"https:\/\/todo.ltd\/pl\/wp-json\/wp\/v2\/pages\/12660","targetHints":{"allow":["GET"]}}],"collection":[{"href":"https:\/\/todo.ltd\/pl\/wp-json\/wp\/v2\/pages"}],"about":[{"href":"https:\/\/todo.ltd\/pl\/wp-json\/wp\/v2\/types\/page"}],"author":[{"embeddable":true,"href":"https:\/\/todo.ltd\/pl\/wp-json\/wp\/v2\/users\/1"}],"replies":[{"embeddable":true,"href":"https:\/\/todo.ltd\/pl\/wp-json\/wp\/v2\/comments?post=12660"}],"version-history":[{"count":21,"href":"https:\/\/todo.ltd\/pl\/wp-json\/wp\/v2\/pages\/12660\/revisions"}],"predecessor-version":[{"id":14352,"href":"https:\/\/todo.ltd\/pl\/wp-json\/wp\/v2\/pages\/12660\/revisions\/14352"}],"wp:attachment":[{"href":"https:\/\/todo.ltd\/pl\/wp-json\/wp\/v2\/media?parent=12660"}],"curies":[{"name":"wp","href":"https:\/\/api.w.org\/{rel}","templated":true}]}}