{"id":11442,"date":"2025-04-28T08:37:52","date_gmt":"2025-04-28T08:37:52","guid":{"rendered":"https:\/\/todo.ltd\/shop\/"},"modified":"2025-07-23T08:15:14","modified_gmt":"2025-07-23T08:15:14","slug":"apps","status":"publish","type":"page","link":"https:\/\/todo.ltd\/pl\/apps\/","title":{"rendered":"Sklep"},"content":{"rendered":"","protected":false},"excerpt":{"rendered":"","protected":false},"author":1,"featured_media":0,"parent":0,"menu_order":0,"comment_status":"closed","ping_status":"closed","template":"","meta":{"_acf_changed":false,"neve_meta_sidebar":"","neve_meta_container":"","neve_meta_enable_content_width":"","neve_meta_content_width":0,"neve_meta_title_alignment":"","neve_meta_author_avatar":"","neve_post_elements_order":"","neve_meta_disable_header":"","neve_meta_disable_footer":"","neve_meta_disable_title":"","neve_meta_reading_time":"","_themeisle_gutenberg_block_has_review":false,"footnotes":""},"class_list":["post-11442","page","type-page","status-publish","hentry"],"acf":[],"yoast_head":"<!-- This site is optimized with the Yoast SEO plugin v24.5 - https:\/\/yoast.com\/wordpress\/plugins\/seo\/ -->\n<title>\u041c\u0430\u0433\u0430\u0437\u0438\u043d - ToDo LLC - To easy do simple<\/title>\n<meta name=\"robots\" content=\"index, follow, max-snippet:-1, max-image-preview:large, max-video-preview:-1\" \/>\n<link rel=\"canonical\" href=\"https:\/\/todo.ltd\/pl\/apps\/\" \/>\n<meta property=\"og:locale\" content=\"pl_PL\" \/>\n<meta property=\"og:type\" content=\"article\" \/>\n<meta property=\"og:title\" content=\"\u041c\u0430\u0433\u0430\u0437\u0438\u043d - ToDo LLC - To easy do simple\" \/>\n<meta property=\"og:url\" content=\"https:\/\/todo.ltd\/pl\/apps\/\" \/>\n<meta property=\"og:site_name\" content=\"ToDo LLC - To easy do simple\" \/>\n<meta property=\"article:publisher\" content=\"https:\/\/www.facebook.com\/ToDo.LTD\" \/>\n<meta property=\"article:modified_time\" content=\"2025-07-23T08:15:14+00:00\" \/>\n<meta property=\"og:image\" content=\"https:\/\/todo.ltd\/wp-content\/uploads\/2025\/01\/todo-parner-logo-v2.webp\" \/>\n\t<meta property=\"og:image:width\" content=\"900\" \/>\n\t<meta property=\"og:image:height\" content=\"400\" \/>\n\t<meta property=\"og:image:type\" content=\"image\/webp\" \/>\n<meta name=\"twitter:card\" content=\"summary_large_image\" \/>\n<script type=\"application\/ld+json\" class=\"yoast-schema-graph\">{\"@context\":\"https:\/\/schema.org\",\"@graph\":[{\"@type\":\"WebPage\",\"@id\":\"https:\/\/todo.ltd\/ru\/apps\/\",\"url\":\"https:\/\/todo.ltd\/ru\/apps\/\",\"name\":\"\u041c\u0430\u0433\u0430\u0437\u0438\u043d - ToDo LLC - To easy do simple\",\"isPartOf\":{\"@id\":\"https:\/\/todo.ltd\/#website\"},\"datePublished\":\"2025-04-28T08:37:52+00:00\",\"dateModified\":\"2025-07-23T08:15:14+00:00\",\"breadcrumb\":{\"@id\":\"https:\/\/todo.ltd\/ru\/apps\/#breadcrumb\"},\"inLanguage\":\"pl-PL\",\"potentialAction\":[{\"@type\":\"ReadAction\",\"target\":[\"https:\/\/todo.ltd\/ru\/apps\/\"]}]},{\"@type\":\"BreadcrumbList\",\"@id\":\"https:\/\/todo.ltd\/ru\/apps\/#breadcrumb\",\"itemListElement\":[{\"@type\":\"ListItem\",\"position\":1,\"name\":\"ERP \u0441\u0438\u0441\u0442\u0435\u043c\u0430 Odoo\",\"item\":\"https:\/\/todo.ltd\/\"},{\"@type\":\"ListItem\",\"position\":2,\"name\":\"\u041c\u0430\u0433\u0430\u0437\u0438\u043d\"}]},{\"@type\":\"WebSite\",\"@id\":\"https:\/\/todo.ltd\/#website\",\"url\":\"https:\/\/todo.ltd\/\",\"name\":\"ToDo LTD - \u043a\u043e\u043c\u043f\u0430\u043d\u0456\u044f \u0437 \u0432\u043f\u0440\u043e\u0432\u0430\u0434\u0436\u0435\u043d\u043d\u044f Odoo \u0432 \u0423\u043a\u0440\u0430\u0457\u043d\u0456\",\"description\":\"\u0415\u0444\u0435\u043a\u0442\u0438\u0432\u043d\u0435 \u0432\u043f\u0440\u043e\u0432\u0430\u0434\u0436\u0435\u043d\u043d\u044f ERP \u0441\u0438\u0441\u0442\u0435\u043c\u0438 Odoo \u0432 \u0423\u043a\u0440\u0430\u0457\u043d\u0456\",\"publisher\":{\"@id\":\"https:\/\/todo.ltd\/#organization\"},\"alternateName\":\"ToDo LTD\",\"potentialAction\":[{\"@type\":\"SearchAction\",\"target\":{\"@type\":\"EntryPoint\",\"urlTemplate\":\"https:\/\/todo.ltd\/?s={search_term_string}\"},\"query-input\":{\"@type\":\"PropertyValueSpecification\",\"valueRequired\":true,\"valueName\":\"search_term_string\"}}],\"inLanguage\":\"pl-PL\"},{\"@type\":\"Organization\",\"@id\":\"https:\/\/todo.ltd\/#organization\",\"name\":\"ToDo LLC - To easy do simple\",\"alternateName\":\"ToDo LTD\",\"url\":\"https:\/\/todo.ltd\/\",\"logo\":{\"@type\":\"ImageObject\",\"inLanguage\":\"pl-PL\",\"@id\":\"https:\/\/todo.ltd\/#\/schema\/logo\/image\/\",\"url\":\"https:\/\/todo.ltd\/wp-content\/uploads\/2025\/01\/cropped-cropped-cropped-dyzajn-bez-nazvy-300x300-1.png\",\"contentUrl\":\"https:\/\/todo.ltd\/wp-content\/uploads\/2025\/01\/cropped-cropped-cropped-dyzajn-bez-nazvy-300x300-1.png\",\"width\":300,\"height\":300,\"caption\":\"ToDo LLC - To easy do simple\"},\"image\":{\"@id\":\"https:\/\/todo.ltd\/#\/schema\/logo\/image\/\"},\"sameAs\":[\"https:\/\/www.facebook.com\/ToDo.LTD\",\"https:\/\/www.linkedin.com\/company\/todo-ltd\",\"https:\/\/www.youtube.com\/@todoltd\"]}]}<\/script>\n<!-- \/ Yoast SEO plugin. -->","yoast_head_json":{"title":"Sklep - ToDo LLC - Aby u\u0142atwi\u0107 wykonywanie prostych czynno\u015bci","robots":{"index":"index","follow":"follow","max-snippet":"max-snippet:-1","max-image-preview":"max-image-preview:large","max-video-preview":"max-video-preview:-1"},"canonical":"https:\/\/todo.ltd\/pl\/apps\/","og_locale":"pl_PL","og_type":"article","og_title":"\u041c\u0430\u0433\u0430\u0437\u0438\u043d - ToDo LLC - To easy do simple","og_url":"https:\/\/todo.ltd\/pl\/apps\/","og_site_name":"ToDo LLC - To easy do simple","article_publisher":"https:\/\/www.facebook.com\/ToDo.LTD","article_modified_time":"2025-07-23T08:15:14+00:00","og_image":[{"width":900,"height":400,"url":"https:\/\/todo.ltd\/wp-content\/uploads\/2025\/01\/todo-parner-logo-v2.webp","type":"image\/webp"}],"twitter_card":"summary_large_image","schema":{"@context":"https:\/\/schema.org","@graph":[{"@type":"WebPage","@id":"https:\/\/todo.ltd\/ru\/apps\/","url":"https:\/\/todo.ltd\/ru\/apps\/","name":"Sklep - ToDo LLC - Aby u\u0142atwi\u0107 wykonywanie prostych czynno\u015bci","isPartOf":{"@id":"https:\/\/todo.ltd\/#website"},"datePublished":"2025-04-28T08:37:52+00:00","dateModified":"2025-07-23T08:15:14+00:00","breadcrumb":{"@id":"https:\/\/todo.ltd\/ru\/apps\/#breadcrumb"},"inLanguage":"pl-PL","potentialAction":[{"@type":"ReadAction","target":["https:\/\/todo.ltd\/ru\/apps\/"]}]},{"@type":"BreadcrumbList","@id":"https:\/\/todo.ltd\/ru\/apps\/#breadcrumb","itemListElement":[{"@type":"ListItem","position":1,"name":"ERP \u0441\u0438\u0441\u0442\u0435\u043c\u0430 Odoo","item":"https:\/\/todo.ltd\/"},{"@type":"ListItem","position":2,"name":"\u041c\u0430\u0433\u0430\u0437\u0438\u043d"}]},{"@type":"WebSite","@id":"https:\/\/todo.ltd\/#website","url":"https:\/\/todo.ltd\/","name":"ToDo LTD - Firma wdra\u017caj\u0105ca Odoo na Ukrainie","description":"Skuteczne wdro\u017cenie systemu Odoo ERP na Ukrainie","publisher":{"@id":"https:\/\/todo.ltd\/#organization"},"alternateName":"ToDo LTD","potentialAction":[{"@type":"SearchAction","target":{"@type":"EntryPoint","urlTemplate":"https:\/\/todo.ltd\/?s={search_term_string}"},"query-input":{"@type":"PropertyValueSpecification","valueRequired":true,"valueName":"search_term_string"}}],"inLanguage":"pl-PL"},{"@type":"Organization","@id":"https:\/\/todo.ltd\/#organization","name":"ToDo LLC - Aby \u0142atwo by\u0142o zrobi\u0107 proste","alternateName":"ToDo LTD","url":"https:\/\/todo.ltd\/","logo":{"@type":"ImageObject","inLanguage":"pl-PL","@id":"https:\/\/todo.ltd\/#\/schema\/logo\/image\/","url":"https:\/\/todo.ltd\/wp-content\/uploads\/2025\/01\/cropped-cropped-cropped-dyzajn-bez-nazvy-300x300-1.png","contentUrl":"https:\/\/todo.ltd\/wp-content\/uploads\/2025\/01\/cropped-cropped-cropped-dyzajn-bez-nazvy-300x300-1.png","width":300,"height":300,"caption":"ToDo LLC - To easy do simple"},"image":{"@id":"https:\/\/todo.ltd\/#\/schema\/logo\/image\/"},"sameAs":["https:\/\/www.facebook.com\/ToDo.LTD","https:\/\/www.linkedin.com\/company\/todo-ltd","https:\/\/www.youtube.com\/@todoltd"]}]}},"_links":{"self":[{"href":"https:\/\/todo.ltd\/pl\/wp-json\/wp\/v2\/pages\/11442","targetHints":{"allow":["GET"]}}],"collection":[{"href":"https:\/\/todo.ltd\/pl\/wp-json\/wp\/v2\/pages"}],"about":[{"href":"https:\/\/todo.ltd\/pl\/wp-json\/wp\/v2\/types\/page"}],"author":[{"embeddable":true,"href":"https:\/\/todo.ltd\/pl\/wp-json\/wp\/v2\/users\/1"}],"replies":[{"embeddable":true,"href":"https:\/\/todo.ltd\/pl\/wp-json\/wp\/v2\/comments?post=11442"}],"version-history":[{"count":3,"href":"https:\/\/todo.ltd\/pl\/wp-json\/wp\/v2\/pages\/11442\/revisions"}],"predecessor-version":[{"id":12069,"href":"https:\/\/todo.ltd\/pl\/wp-json\/wp\/v2\/pages\/11442\/revisions\/12069"}],"wp:attachment":[{"href":"https:\/\/todo.ltd\/pl\/wp-json\/wp\/v2\/media?parent=11442"}],"curies":[{"name":"wp","href":"https:\/\/api.w.org\/{rel}","templated":true}]}}