{"id":12660,"date":"2025-08-08T08:10:56","date_gmt":"2025-08-08T08:10:56","guid":{"rendered":"https:\/\/todo.ltd\/?page_id=12660"},"modified":"2025-10-10T12:49:25","modified_gmt":"2025-10-10T12:49:25","slug":"career","status":"publish","type":"page","link":"https:\/\/todo.ltd\/de\/career\/","title":{"rendered":"Karriere"},"content":{"rendered":"<div id=\"wp-block-themeisle-blocks-advanced-columns-17616dbd\" class=\"wp-block-themeisle-blocks-advanced-columns has-2-columns has-desktop-oneTwo-layout has-tablet-equal-layout has-mobile-collapsedRows-layout has-reverse-columns-mobile has-vertical-unset\"><div class=\"wp-block-themeisle-blocks-advanced-columns-overlay\"><\/div><div class=\"innerblocks-wrap\">\n<div id=\"wp-block-themeisle-blocks-advanced-column-91a6113b\" class=\"wp-block-themeisle-blocks-advanced-column\">\n<div class=\"wp-block-query is-layout-flow wp-block-query-is-layout-flow\"><ul class=\"wp-block-post-template is-layout-flow wp-block-post-template-is-layout-flow\"><li class=\"wp-block-post post-17717 vacancies type-vacancies status-publish hentry\">\n\n<div class=\"wp-block-group is-nowrap is-layout-flex wp-container-core-group-is-layout-1 wp-block-group-is-layout-flex\">\n<p>Stellenausschreibung vom: <\/p>\n\n\n<div class=\"wp-block-post-date\"><time datetime=\"2026-03-20T09:26:57+00:00\">M\u00e4rz 20, 2026<\/time><\/div><\/div>\n\n\n\n<div style=\"height:25px\" aria-hidden=\"true\" class=\"wp-block-spacer\"><\/div>\n\n\n<h2 class=\"wp-block-post-title\"><a href=\"https:\/\/todo.ltd\/de\/job\/python-backend-engineer-ai-driven-solutions\/\" target=\"_self\" >Python-Backend-Ingenieur (KI-gesteuerte L\u00f6sungen)<\/a><\/h2>\n\n<div class=\"wp-block-post-excerpt\"><p class=\"wp-block-post-excerpt__excerpt\">Unser F&amp;E-Team (KI) arbeitet wie ein internes Startup: Wir experimentieren mit neuen Technologien, testen schnell Hypothesen und bringen KI-L\u00f6sungen auf den Markt, die einen echten Unterschied f\u00fcr das Unternehmen bedeuten. Sie werden Teil des F&amp;E-Teams sein, das neue KI-Produkte von Grund auf entwickelt. Sie werden sowohl an angewandten Aufgaben (Chatbots, Backend-Dienste, Integrationen) beteiligt sein als auch die Architektur und Auswahl von KI-L\u00f6sungen beeinflussen.<\/p><p class=\"wp-block-post-excerpt__more-text\"><a class=\"wp-block-post-excerpt__more-link\" href=\"https:\/\/todo.ltd\/de\/job\/python-backend-engineer-ai-driven-solutions\/\">Mehr lesen<\/a><\/p><\/div>\n\n\n<hr class=\"wp-block-separator has-css-opacity\"\/>\n\n<\/li><li class=\"wp-block-post post-17716 vacancies type-vacancies status-publish hentry\">\n\n<div class=\"wp-block-group is-nowrap is-layout-flex wp-container-core-group-is-layout-2 wp-block-group-is-layout-flex\">\n<p>Stellenausschreibung vom: <\/p>\n\n\n<div class=\"wp-block-post-date\"><time datetime=\"2026-03-20T09:25:31+00:00\">M\u00e4rz 20, 2026<\/time><\/div><\/div>\n\n\n\n<div style=\"height:25px\" aria-hidden=\"true\" class=\"wp-block-spacer\"><\/div>\n\n\n<h2 class=\"wp-block-post-title\"><a href=\"https:\/\/todo.ltd\/de\/job\/project-coordinator\/\" target=\"_self\" >Projektkoordinator<\/a><\/h2>\n\n<div class=\"wp-block-post-excerpt\"><p class=\"wp-block-post-excerpt__excerpt\">Wir suchen einen Projektkoordinator, der f\u00fcr die Koordinierung der Arbeit des Teams, das Odoo ERP f\u00fcr unsere Kunden implementiert, verantwortlich ist und eine effektive Projektabwicklung gew\u00e4hrleistet.<\/p><p class=\"wp-block-post-excerpt__more-text\"><a class=\"wp-block-post-excerpt__more-link\" href=\"https:\/\/todo.ltd\/de\/job\/project-coordinator\/\">Mehr lesen<\/a><\/p><\/div>\n\n\n<hr class=\"wp-block-separator has-css-opacity\"\/>\n\n<\/li><li class=\"wp-block-post post-17715 vacancies type-vacancies status-publish hentry\">\n\n<div class=\"wp-block-group is-nowrap is-layout-flex wp-container-core-group-is-layout-3 wp-block-group-is-layout-flex\">\n<p>Stellenausschreibung vom: <\/p>\n\n\n<div class=\"wp-block-post-date\"><time datetime=\"2026-03-20T09:23:42+00:00\">M\u00e4rz 20, 2026<\/time><\/div><\/div>\n\n\n\n<div style=\"height:25px\" aria-hidden=\"true\" class=\"wp-block-spacer\"><\/div>\n\n\n<h2 class=\"wp-block-post-title\"><a href=\"https:\/\/todo.ltd\/de\/job\/wordpress-developer\/\" target=\"_self\" >WordPress-Entwickler<\/a><\/h2>\n\n<div class=\"wp-block-post-excerpt\"><p class=\"wp-block-post-excerpt__excerpt\">Wir sind auf der Suche nach einem WordPress-Entwickler, der unser Team bei der Entwicklung und Pflege unserer Websites und bei der Einf\u00fchrung neuer Webprojekte unterst\u00fctzt.<\/p><p class=\"wp-block-post-excerpt__more-text\"><a class=\"wp-block-post-excerpt__more-link\" href=\"https:\/\/todo.ltd\/de\/job\/wordpress-developer\/\">Mehr lesen<\/a><\/p><\/div>\n\n\n<hr class=\"wp-block-separator has-css-opacity\"\/>\n\n<\/li><li class=\"wp-block-post post-17714 vacancies type-vacancies status-publish hentry\">\n\n<div class=\"wp-block-group is-nowrap is-layout-flex wp-container-core-group-is-layout-4 wp-block-group-is-layout-flex\">\n<p>Stellenausschreibung vom: <\/p>\n\n\n<div class=\"wp-block-post-date\"><time datetime=\"2026-03-20T08:58:18+00:00\">M\u00e4rz 20, 2026<\/time><\/div><\/div>\n\n\n\n<div style=\"height:25px\" aria-hidden=\"true\" class=\"wp-block-spacer\"><\/div>\n\n\n<h2 class=\"wp-block-post-title\"><a href=\"https:\/\/todo.ltd\/de\/job\/seo-specialist\/\" target=\"_self\" >SEO-Spezialist<\/a><\/h2>\n\n<div class=\"wp-block-post-excerpt\"><p class=\"wp-block-post-excerpt__excerpt\">Wir sind auf der Suche nach einem SEO-Spezialisten, der unser Team bei der Entwicklung und F\u00f6rderung der Websites der Gruppe unterst\u00fctzt. Es ist wichtig f\u00fcr uns, langfristig stabilen organischen Traffic zu erhalten, die Sichtbarkeit unserer Websites in den Suchergebnissen zu erh\u00f6hen und die notwendigen Positionen in den wichtigsten Suchanfragen einzunehmen.<\/p><p class=\"wp-block-post-excerpt__more-text\"><a class=\"wp-block-post-excerpt__more-link\" href=\"https:\/\/todo.ltd\/de\/job\/seo-specialist\/\">Mehr lesen<\/a><\/p><\/div>\n\n\n<hr class=\"wp-block-separator has-css-opacity\"\/>\n\n<\/li><li class=\"wp-block-post post-17713 vacancies type-vacancies status-publish hentry\">\n\n<div class=\"wp-block-group is-nowrap is-layout-flex wp-container-core-group-is-layout-5 wp-block-group-is-layout-flex\">\n<p>Stellenausschreibung vom: <\/p>\n\n\n<div class=\"wp-block-post-date\"><time datetime=\"2026-03-20T08:55:02+00:00\">M\u00e4rz 20, 2026<\/time><\/div><\/div>\n\n\n\n<div style=\"height:25px\" aria-hidden=\"true\" class=\"wp-block-spacer\"><\/div>\n\n\n<h2 class=\"wp-block-post-title\"><a href=\"https:\/\/todo.ltd\/de\/job\/head-of-marketing\/\" target=\"_self\" >Leiterin Marketing<\/a><\/h2>\n\n<div class=\"wp-block-post-excerpt\"><p class=\"wp-block-post-excerpt__excerpt\">Wir suchen einen Marketingleiter, der einen systematischen Marketingansatz entwickelt und das Unternehmen bei der Umsatzsteigerung durch eine starke Marketingstrategie, Markenentwicklung und effektive Arbeit mit B2B-Zielgruppen unterst\u00fctzt.<\/p><p class=\"wp-block-post-excerpt__more-text\"><a class=\"wp-block-post-excerpt__more-link\" href=\"https:\/\/todo.ltd\/de\/job\/head-of-marketing\/\">Mehr lesen<\/a><\/p><\/div>\n\n\n<hr class=\"wp-block-separator has-css-opacity\"\/>\n\n<\/li><li class=\"wp-block-post post-17711 vacancies type-vacancies status-publish hentry\">\n\n<div class=\"wp-block-group is-nowrap is-layout-flex wp-container-core-group-is-layout-6 wp-block-group-is-layout-flex\">\n<p>Stellenausschreibung vom: <\/p>\n\n\n<div class=\"wp-block-post-date\"><time datetime=\"2026-03-20T08:51:47+00:00\">M\u00e4rz 20, 2026<\/time><\/div><\/div>\n\n\n\n<div style=\"height:25px\" aria-hidden=\"true\" class=\"wp-block-spacer\"><\/div>\n\n\n<h2 class=\"wp-block-post-title\"><a href=\"https:\/\/todo.ltd\/de\/job\/biznes-analityk-z-vprovadzhennya-odoo\/\" target=\"_self\" >Business-Analyst (Odoo-Implementierung)<\/a><\/h2>\n\n<div class=\"wp-block-post-excerpt\"><p class=\"wp-block-post-excerpt__excerpt\">Wir sind eines von 11 zertifizierten Unternehmen in der Ukraine, die Odoo implementieren, und wir geh\u00f6ren zu den Top 3 Implementierern auf dem ukrainischen Markt. Derzeit sind wir auf der Suche nach Gleichgesinnten, die bereit sind, gemeinsam mit einem Kunden die Verwaltung ihres Unternehmens auf einer einzigen Plattform schnell und einfach zu automatisieren.<\/p><p class=\"wp-block-post-excerpt__more-text\"><a class=\"wp-block-post-excerpt__more-link\" href=\"https:\/\/todo.ltd\/de\/job\/biznes-analityk-z-vprovadzhennya-odoo\/\">Mehr lesen<\/a><\/p><\/div>\n\n\n<hr class=\"wp-block-separator has-css-opacity\"\/>\n\n<\/li><\/ul><\/div>\n<\/div>\n\n\n\n<div id=\"wp-block-themeisle-blocks-advanced-column-f58493cd\" class=\"wp-block-themeisle-blocks-advanced-column\">\n<figure class=\"wp-block-image size-large\" id=\"wp-block-themeisle-blocks-image-63108194\"><img loading=\"lazy\" decoding=\"async\" width=\"724\" height=\"1024\" src=\"https:\/\/todo.ltd\/wp-content\/uploads\/2025\/07\/qr_code_work_ukraine-724x1024.webp\" alt=\"\" class=\"wp-image-12384\" srcset=\"https:\/\/todo.ltd\/wp-content\/uploads\/2025\/07\/qr_code_work_ukraine-724x1024.webp 724w, https:\/\/todo.ltd\/wp-content\/uploads\/2025\/07\/qr_code_work_ukraine-212x300.webp 212w, https:\/\/todo.ltd\/wp-content\/uploads\/2025\/07\/qr_code_work_ukraine-768x1087.webp 768w, https:\/\/todo.ltd\/wp-content\/uploads\/2025\/07\/qr_code_work_ukraine-1085x1536.webp 1085w, https:\/\/todo.ltd\/wp-content\/uploads\/2025\/07\/qr_code_work_ukraine-1447x2048.webp 1447w, https:\/\/todo.ltd\/wp-content\/uploads\/2025\/07\/qr_code_work_ukraine-8x12.webp 8w, https:\/\/todo.ltd\/wp-content\/uploads\/2025\/07\/qr_code_work_ukraine-600x849.webp 600w, https:\/\/todo.ltd\/wp-content\/uploads\/2025\/07\/qr_code_work_ukraine-scaled.webp 1809w\" sizes=\"auto, (max-width: 724px) 100vw, 724px\" \/><\/figure>\n<\/div>\n<\/div><\/div>\n\n\n\n<div id=\"choise-us\" class=\"wp-block-themeisle-blocks-advanced-columns has-1-columns has-desktop-equal-layout has-tablet-equal-layout has-mobile-equal-layout has-vertical-unset\"><div class=\"wp-block-themeisle-blocks-advanced-columns-overlay\"><\/div><div class=\"innerblocks-wrap\">\n<div id=\"wp-block-themeisle-blocks-advanced-column-fd65b97f\" class=\"wp-block-themeisle-blocks-advanced-column\">\n<h2 id=\"wp-block-themeisle-blocks-advanced-heading-65e1c82e\" class=\"wp-block-themeisle-blocks-advanced-heading wp-block-themeisle-blocks-advanced-heading-65e1c82e\">Werden Sie Mitglied des ToDo-Teams<\/h2>\n\n\n\n<h3 class=\"wp-block-heading\"><strong>Wer sind wir und warum ist das wichtig?<\/strong><\/h3>\n\n\n\n<p>Wir sind eines von 11 zertifizierten Unternehmen in der Ukraine, die Odoo, das weltweit beliebteste ERP-System, implementieren.<br>Odoo ist nicht mehr die Zukunft, es ist ein Markt, der jedes Jahr um 33.74% w\u00e4chst. Und wir implementieren nicht nur Systeme, wir helfen Unternehmen durch Automatisierung zu wachsen.<\/p>\n\n\n\n<p>Wir arbeiten sowohl mit ukrainischen Unternehmen als auch mit internationalen Kunden zusammen - unter den mehr als 13 Millionen Odoo-Benutzern auf der ganzen Welt gibt es auch solche, denen wir helfen.<\/p>\n\n\n\n<p>In unserem Team sind Sie nicht nur ein \"Manager\/Analytiker\/Entwickler\" - Sie werden ein Experte in einer vielversprechenden Nischenbranche, die in der Ukraine gerade erst im Entstehen begriffen ist. Und das ist ein gro\u00dfartiges Sprungbrett f\u00fcr jede Karriere.<\/p>\n\n\n\n<p><strong><br><\/strong><strong>Warum sollten Sie zu unserem Team geh\u00f6ren?<\/strong><\/p>\n\n\n\n<p>Wir entwickeln uns wirklich weiter - nicht in Worten, sondern in der Praxis.<\/p>\n\n\n\n<p>Regelm\u00e4\u00dfige kompetenzbasierte Beurteilungen helfen jedem, seinen eigenen Entwicklungsweg zu erkennen. Wir bieten sowohl allgemeine als auch individuelle Schulungen an, ber\u00fccksichtigen die W\u00fcnsche der Mitarbeiter und unterst\u00fctzen alle Initiativen.<\/p>\n\n\n\n<p>F\u00fcr Analysten haben wir ein LMS mit internen Kursen, und wenn Sie externe Schulungen w\u00fcnschen, erstatten wir Ihnen einen Teil der Kosten.<\/p>\n\n\n\n<p>Englisch. Es gibt regelm\u00e4\u00dfig Live-Unterricht, in dem Sie nicht pauken, sondern lernen, die echte Arbeitssprache zu sprechen. Wenn Sie mehr wollen, unterst\u00fctzen wir zus\u00e4tzliche Kurse mit Ausgleich.<\/p>\n\n\n\n<p>Wir verf\u00fcgen \u00fcber ein Entwicklungsbudget und wollen in Menschen investieren, denn das ist unser Schl\u00fcssel zum Erfolg.<\/p>\n\n\n\n<p>Und das ist kein leeres Wort: Unser Leiter des Projektmanagements hat als Analyst angefangen, und Analysten werden innerhalb des Unternehmens vom Trainee bis zur mittleren Ebene bef\u00f6rdert.<\/p>\n\n\n\n<p>Wenn Sie eine Umgebung suchen, in der man Ihnen nicht sagt, Sie sollen sich hinsetzen und den Kopf einziehen, dann sind Sie bei uns genau richtig.<\/p>\n\n\n\n<p><strong>Was bekommt der Arbeitnehmer?<\/strong><\/p>\n\n\n\n<p>In unserem Team werden Sie nicht nur Ihre Karriere vorantreiben - es ist auch wichtig, dass Sie Ihre Work-Life-Balance aufrechterhalten. Wir wissen, dass es leicht ist, auszubrennen, aber sich zu erholen ist viel wichtiger. Deshalb k\u00fcmmern wir uns um Ihre psychische Gesundheit, geben Ihnen Entscheidungsfreiheit und unterst\u00fctzen Sie immer, wenn es brenzlig wird. Wenn Sie m\u00fcde sind, nehmen Sie einfach einen Tag frei, ohne Fragen zu stellen. Und nat\u00fcrlich kommt bei uns auch der Spa\u00df nicht zu kurz: Wir organisieren regelm\u00e4\u00dfig verschiedene Aktivit\u00e4ten, bei denen Sie sich entspannen, lachen und im Team neue Energie tanken k\u00f6nnen. Hier sind Sie wichtig, Ihre Stimme wird geh\u00f6rt, und Entspannung ist kein Luxus, sondern die Norm.<\/p>\n\n\n\n<p>Wenn es um Entwicklung geht, ist Lernen f\u00fcr uns nicht nur ein Wort, sondern eine Lebenseinstellung. Wir bieten kostenlose Odoo-Kurse an, die wir selbst entwickelt haben, Corporate English for Business-Kurse, und unterst\u00fctzen jede Ihrer Initiativen. Sie erhalten eine transparente, ehrliche Belohnung f\u00fcr Ihre F\u00e4higkeiten und Ihren Beitrag zur gemeinsamen Sache. Es besteht auch die M\u00f6glichkeit, eine offizielle Odoo-Zertifizierung zu erhalten - und das Unternehmen unterst\u00fctzt dies<br>Sie k\u00f6nnen Ihre Arbeit flexibel w\u00e4hlen: Sie k\u00f6nnen ein B\u00fcro in Kiew haben oder von zu Hause aus arbeiten. Wir haben auch ein k\u00fchles Mikroklima - ein Team, das anregt, unterst\u00fctzt und nicht mit Mikromanagement erstickt. Unsere Analysten implementieren nicht nur, sondern helfen den Kunden, durch Automatisierung zu wachsen. Das Management hier ist offen und menschlich, und Ihre Stimme z\u00e4hlt. Und nat\u00fcrlich vergessen wir auch nicht die Teambuilding-Events, die herzliche B\u00fcroatmosph\u00e4re und die Unterst\u00fctzung durch die Kollegen, damit die Arbeit nicht nur n\u00fctzlich ist, sondern auch Spa\u00df macht.<\/p>\n\n\n\n<p><strong>Was erwartet das Unternehmen von einem Mitarbeiter?<\/strong><\/p>\n\n\n\n<p>Wir legen Wert auf analytisches Denken, Struktur und Liebe zum Detail - das sind unsere Tr\u00fcmpfe bei der L\u00f6sung komplexer Probleme.<br>Wir suchen Menschen, die nicht nur ihren Job machen, sondern einen Schritt weiter denken, Verantwortung \u00fcbernehmen und sich nicht scheuen, jeden Tag dazuzulernen. Wenn Sie die Welt um sich herum ver\u00e4ndern wollen - auch mit kleinen Aktionen - sollten Sie unbedingt zu uns kommen.<\/p>\n<\/div>\n<\/div><\/div>","protected":false},"excerpt":{"rendered":"","protected":false},"author":1,"featured_media":0,"parent":0,"menu_order":0,"comment_status":"closed","ping_status":"closed","template":"","meta":{"_acf_changed":false,"neve_meta_sidebar":"","neve_meta_container":"","neve_meta_enable_content_width":"","neve_meta_content_width":0,"neve_meta_title_alignment":"","neve_meta_author_avatar":"","neve_post_elements_order":"","neve_meta_disable_header":"","neve_meta_disable_footer":"","neve_meta_disable_title":"","neve_meta_reading_time":"","_themeisle_gutenberg_block_has_review":false,"footnotes":""},"class_list":["post-12660","page","type-page","status-publish","hentry"],"acf":[],"yoast_head":"<!-- This site is optimized with the Yoast SEO plugin v24.5 - https:\/\/yoast.com\/wordpress\/plugins\/seo\/ -->\n<title>\u041a\u0430\u0440&#039;\u0454\u0440\u0430 - ToDo LLC - To easy do simple<\/title>\n<meta name=\"robots\" content=\"index, follow, max-snippet:-1, max-image-preview:large, max-video-preview:-1\" \/>\n<link rel=\"canonical\" href=\"https:\/\/todo.ltd\/de\/career\/\" \/>\n<meta property=\"og:locale\" content=\"de_DE\" \/>\n<meta property=\"og:type\" content=\"article\" \/>\n<meta property=\"og:title\" content=\"\u041a\u0430\u0440&#039;\u0454\u0440\u0430 - ToDo LLC - To easy do simple\" \/>\n<meta property=\"og:url\" content=\"https:\/\/todo.ltd\/de\/career\/\" \/>\n<meta property=\"og:site_name\" content=\"ToDo LLC - To easy do simple\" \/>\n<meta property=\"article:publisher\" content=\"https:\/\/www.facebook.com\/ToDo.LTD\" \/>\n<meta property=\"article:modified_time\" content=\"2025-10-10T12:49:25+00:00\" \/>\n<meta property=\"og:image\" content=\"https:\/\/todo.ltd\/wp-content\/uploads\/2025\/07\/qr_code_work_ukraine-scaled.webp\" \/>\n\t<meta property=\"og:image:width\" content=\"1809\" \/>\n\t<meta property=\"og:image:height\" content=\"2560\" \/>\n\t<meta property=\"og:image:type\" content=\"image\/webp\" \/>\n<meta name=\"twitter:card\" content=\"summary_large_image\" \/>\n<meta name=\"twitter:label1\" content=\"Gesch\u00e4tzte Lesezeit\" \/>\n\t<meta name=\"twitter:data1\" content=\"3\u00a0Minuten\" \/>\n<script type=\"application\/ld+json\" class=\"yoast-schema-graph\">{\"@context\":\"https:\/\/schema.org\",\"@graph\":[{\"@type\":\"WebPage\",\"@id\":\"https:\/\/todo.ltd\/career\/\",\"url\":\"https:\/\/todo.ltd\/career\/\",\"name\":\"\u041a\u0430\u0440'\u0454\u0440\u0430 - ToDo LLC - To easy do simple\",\"isPartOf\":{\"@id\":\"https:\/\/todo.ltd\/#website\"},\"primaryImageOfPage\":{\"@id\":\"https:\/\/todo.ltd\/career\/#primaryimage\"},\"image\":{\"@id\":\"https:\/\/todo.ltd\/career\/#primaryimage\"},\"thumbnailUrl\":\"https:\/\/todo.ltd\/wp-content\/uploads\/2025\/07\/qr_code_work_ukraine-724x1024.webp\",\"datePublished\":\"2025-08-08T08:10:56+00:00\",\"dateModified\":\"2025-10-10T12:49:25+00:00\",\"breadcrumb\":{\"@id\":\"https:\/\/todo.ltd\/career\/#breadcrumb\"},\"inLanguage\":\"de\",\"potentialAction\":[{\"@type\":\"ReadAction\",\"target\":[\"https:\/\/todo.ltd\/career\/\"]}]},{\"@type\":\"ImageObject\",\"inLanguage\":\"de\",\"@id\":\"https:\/\/todo.ltd\/career\/#primaryimage\",\"url\":\"https:\/\/todo.ltd\/wp-content\/uploads\/2025\/07\/qr_code_work_ukraine-724x1024.webp\",\"contentUrl\":\"https:\/\/todo.ltd\/wp-content\/uploads\/2025\/07\/qr_code_work_ukraine-724x1024.webp\"},{\"@type\":\"BreadcrumbList\",\"@id\":\"https:\/\/todo.ltd\/career\/#breadcrumb\",\"itemListElement\":[{\"@type\":\"ListItem\",\"position\":1,\"name\":\"ERP \u0441\u0438\u0441\u0442\u0435\u043c\u0430 Odoo\",\"item\":\"https:\/\/todo.ltd\/\"},{\"@type\":\"ListItem\",\"position\":2,\"name\":\"\u041a\u0430\u0440&#8217;\u0454\u0440\u0430\"}]},{\"@type\":\"WebSite\",\"@id\":\"https:\/\/todo.ltd\/#website\",\"url\":\"https:\/\/todo.ltd\/\",\"name\":\"ToDo LTD - \u043a\u043e\u043c\u043f\u0430\u043d\u0456\u044f \u0437 \u0432\u043f\u0440\u043e\u0432\u0430\u0434\u0436\u0435\u043d\u043d\u044f Odoo \u0432 \u0423\u043a\u0440\u0430\u0457\u043d\u0456\",\"description\":\"\u0415\u0444\u0435\u043a\u0442\u0438\u0432\u043d\u0435 \u0432\u043f\u0440\u043e\u0432\u0430\u0434\u0436\u0435\u043d\u043d\u044f ERP \u0441\u0438\u0441\u0442\u0435\u043c\u0438 Odoo \u0432 \u0423\u043a\u0440\u0430\u0457\u043d\u0456\",\"publisher\":{\"@id\":\"https:\/\/todo.ltd\/#organization\"},\"alternateName\":\"ToDo LTD\",\"potentialAction\":[{\"@type\":\"SearchAction\",\"target\":{\"@type\":\"EntryPoint\",\"urlTemplate\":\"https:\/\/todo.ltd\/?s={search_term_string}\"},\"query-input\":{\"@type\":\"PropertyValueSpecification\",\"valueRequired\":true,\"valueName\":\"search_term_string\"}}],\"inLanguage\":\"de\"},{\"@type\":\"Organization\",\"@id\":\"https:\/\/todo.ltd\/#organization\",\"name\":\"ToDo LLC - To easy do simple\",\"alternateName\":\"ToDo LTD\",\"url\":\"https:\/\/todo.ltd\/\",\"logo\":{\"@type\":\"ImageObject\",\"inLanguage\":\"de\",\"@id\":\"https:\/\/todo.ltd\/#\/schema\/logo\/image\/\",\"url\":\"https:\/\/todo.ltd\/wp-content\/uploads\/2025\/01\/cropped-cropped-cropped-dyzajn-bez-nazvy-300x300-1.png\",\"contentUrl\":\"https:\/\/todo.ltd\/wp-content\/uploads\/2025\/01\/cropped-cropped-cropped-dyzajn-bez-nazvy-300x300-1.png\",\"width\":300,\"height\":300,\"caption\":\"ToDo LLC - To easy do simple\"},\"image\":{\"@id\":\"https:\/\/todo.ltd\/#\/schema\/logo\/image\/\"},\"sameAs\":[\"https:\/\/www.facebook.com\/ToDo.LTD\",\"https:\/\/www.linkedin.com\/company\/todo-ltd\",\"https:\/\/www.youtube.com\/@todoltd\"]}]}<\/script>\n<!-- \/ Yoast SEO plugin. -->","yoast_head_json":{"title":"Karriere - ToDo LLC - Damit es einfach wird, einfach zu tun","robots":{"index":"index","follow":"follow","max-snippet":"max-snippet:-1","max-image-preview":"max-image-preview:large","max-video-preview":"max-video-preview:-1"},"canonical":"https:\/\/todo.ltd\/de\/career\/","og_locale":"de_DE","og_type":"article","og_title":"\u041a\u0430\u0440'\u0454\u0440\u0430 - ToDo LLC - To easy do simple","og_url":"https:\/\/todo.ltd\/de\/career\/","og_site_name":"ToDo LLC - To easy do simple","article_publisher":"https:\/\/www.facebook.com\/ToDo.LTD","article_modified_time":"2025-10-10T12:49:25+00:00","og_image":[{"width":1809,"height":2560,"url":"https:\/\/todo.ltd\/wp-content\/uploads\/2025\/07\/qr_code_work_ukraine-scaled.webp","type":"image\/webp"}],"twitter_card":"summary_large_image","twitter_misc":{"Gesch\u00e4tzte Lesezeit":"3\u00a0Minuten"},"schema":{"@context":"https:\/\/schema.org","@graph":[{"@type":"WebPage","@id":"https:\/\/todo.ltd\/career\/","url":"https:\/\/todo.ltd\/career\/","name":"Karriere - ToDo LLC - Damit es einfach wird, einfach zu tun","isPartOf":{"@id":"https:\/\/todo.ltd\/#website"},"primaryImageOfPage":{"@id":"https:\/\/todo.ltd\/career\/#primaryimage"},"image":{"@id":"https:\/\/todo.ltd\/career\/#primaryimage"},"thumbnailUrl":"https:\/\/todo.ltd\/wp-content\/uploads\/2025\/07\/qr_code_work_ukraine-724x1024.webp","datePublished":"2025-08-08T08:10:56+00:00","dateModified":"2025-10-10T12:49:25+00:00","breadcrumb":{"@id":"https:\/\/todo.ltd\/career\/#breadcrumb"},"inLanguage":"de","potentialAction":[{"@type":"ReadAction","target":["https:\/\/todo.ltd\/career\/"]}]},{"@type":"ImageObject","inLanguage":"de","@id":"https:\/\/todo.ltd\/career\/#primaryimage","url":"https:\/\/todo.ltd\/wp-content\/uploads\/2025\/07\/qr_code_work_ukraine-724x1024.webp","contentUrl":"https:\/\/todo.ltd\/wp-content\/uploads\/2025\/07\/qr_code_work_ukraine-724x1024.webp"},{"@type":"BreadcrumbList","@id":"https:\/\/todo.ltd\/career\/#breadcrumb","itemListElement":[{"@type":"ListItem","position":1,"name":"ERP \u0441\u0438\u0441\u0442\u0435\u043c\u0430 Odoo","item":"https:\/\/todo.ltd\/"},{"@type":"ListItem","position":2,"name":"\u041a\u0430\u0440&#8217;\u0454\u0440\u0430"}]},{"@type":"WebSite","@id":"https:\/\/todo.ltd\/#website","url":"https:\/\/todo.ltd\/","name":"ToDo LTD - Odoo-Implementierungsunternehmen in der Ukraine","description":"Effektive Implementierung des Odoo-ERP-Systems in der Ukraine","publisher":{"@id":"https:\/\/todo.ltd\/#organization"},"alternateName":"ToDo LTD","potentialAction":[{"@type":"SearchAction","target":{"@type":"EntryPoint","urlTemplate":"https:\/\/todo.ltd\/?s={search_term_string}"},"query-input":{"@type":"PropertyValueSpecification","valueRequired":true,"valueName":"search_term_string"}}],"inLanguage":"de"},{"@type":"Organization","@id":"https:\/\/todo.ltd\/#organization","name":"ToDo LLC - Einfach tun einfach","alternateName":"ToDo LTD","url":"https:\/\/todo.ltd\/","logo":{"@type":"ImageObject","inLanguage":"de","@id":"https:\/\/todo.ltd\/#\/schema\/logo\/image\/","url":"https:\/\/todo.ltd\/wp-content\/uploads\/2025\/01\/cropped-cropped-cropped-dyzajn-bez-nazvy-300x300-1.png","contentUrl":"https:\/\/todo.ltd\/wp-content\/uploads\/2025\/01\/cropped-cropped-cropped-dyzajn-bez-nazvy-300x300-1.png","width":300,"height":300,"caption":"ToDo LLC - To easy do simple"},"image":{"@id":"https:\/\/todo.ltd\/#\/schema\/logo\/image\/"},"sameAs":["https:\/\/www.facebook.com\/ToDo.LTD","https:\/\/www.linkedin.com\/company\/todo-ltd","https:\/\/www.youtube.com\/@todoltd"]}]}},"_links":{"self":[{"href":"https:\/\/todo.ltd\/de\/wp-json\/wp\/v2\/pages\/12660","targetHints":{"allow":["GET"]}}],"collection":[{"href":"https:\/\/todo.ltd\/de\/wp-json\/wp\/v2\/pages"}],"about":[{"href":"https:\/\/todo.ltd\/de\/wp-json\/wp\/v2\/types\/page"}],"author":[{"embeddable":true,"href":"https:\/\/todo.ltd\/de\/wp-json\/wp\/v2\/users\/1"}],"replies":[{"embeddable":true,"href":"https:\/\/todo.ltd\/de\/wp-json\/wp\/v2\/comments?post=12660"}],"version-history":[{"count":21,"href":"https:\/\/todo.ltd\/de\/wp-json\/wp\/v2\/pages\/12660\/revisions"}],"predecessor-version":[{"id":14352,"href":"https:\/\/todo.ltd\/de\/wp-json\/wp\/v2\/pages\/12660\/revisions\/14352"}],"wp:attachment":[{"href":"https:\/\/todo.ltd\/de\/wp-json\/wp\/v2\/media?parent=12660"}],"curies":[{"name":"wp","href":"https:\/\/api.w.org\/{rel}","templated":true}]}}